{"id":2792,"date":"2023-06-22T14:07:45","date_gmt":"2023-06-22T14:07:45","guid":{"rendered":"https:\/\/www.lectar.com\/politika-piskotkov-eu\/"},"modified":"2025-09-10T10:56:02","modified_gmt":"2025-09-10T10:56:02","slug":"politika-piskotkov-eu","status":"publish","type":"page","link":"https:\/\/www.lectar.com\/sl\/politika-piskotkov-eu\/","title":{"rendered":"Politika pi\u0161kotkov (EU)"},"content":{"rendered":"\t\t<div data-elementor-type=\"wp-page\" data-elementor-id=\"2792\" class=\"elementor elementor-2792 elementor-2674\" data-elementor-post-type=\"page\">\n\t\t\t\t<section class=\"elementor-element elementor-element-a99867b e-flex e-con-boxed e-con e-parent\" data-id=\"a99867b\" data-element_type=\"container\" data-e-type=\"container\" data-settings=\"{&quot;background_background&quot;:&quot;classic&quot;,&quot;shape_divider_bottom&quot;:&quot;arrow&quot;}\">\n\t\t\t\t\t<div class=\"e-con-inner\">\n\t\t\t\t<div class=\"elementor-shape elementor-shape-bottom\" aria-hidden=\"true\" data-negative=\"false\">\n\t\t\t<svg xmlns=\"http:\/\/www.w3.org\/2000\/svg\" viewBox=\"0 0 700 10\" preserveAspectRatio=\"none\">\n\t<path class=\"elementor-shape-fill\" d=\"M350,10L340,0h20L350,10z\"\/>\n<\/svg>\t\t<\/div>\n\t\t\t\t<div class=\"elementor-element elementor-element-7e0ad84 elementor-widget elementor-widget-heading\" data-id=\"7e0ad84\" data-element_type=\"widget\" data-e-type=\"widget\" data-widget_type=\"heading.default\">\n\t\t\t\t<div class=\"elementor-widget-container\">\n\t\t\t\t\t<h1 class=\"elementor-heading-title elementor-size-default\">Politika pi\u0161kotkov (EU)<\/h1>\t\t\t\t<\/div>\n\t\t\t\t<\/div>\n\t\t\t\t\t<\/div>\n\t\t\t\t<\/section>\n\t\t\t\t<section class=\"elementor-section elementor-top-section elementor-element elementor-element-54960223 elementor-section-boxed elementor-section-height-default elementor-section-height-default\" data-id=\"54960223\" data-element_type=\"section\" data-e-type=\"section\">\n\t\t\t\t\t\t<div class=\"elementor-container elementor-column-gap-default\">\n\t\t\t\t\t<div class=\"elementor-column elementor-col-100 elementor-top-column elementor-element elementor-element-4d36c09\" data-id=\"4d36c09\" data-element_type=\"column\" data-e-type=\"column\">\n\t\t\t<div class=\"elementor-widget-wrap elementor-element-populated\">\n\t\t\t\t\t\t<div class=\"elementor-element elementor-element-5cd4650 elementor-widget elementor-widget-html\" data-id=\"5cd4650\" data-element_type=\"widget\" data-e-type=\"widget\" data-widget_type=\"html.default\">\n\t\t\t\t<div class=\"elementor-widget-container\">\n\t\t\t\t\t\r\n<style>\r\n    a.cky-banner-element {\r\n        padding: 8px 30px;\r\n        background: #F8F9FA;\r\n        color: #858A8F;\r\n        border: 1px solid #DEE2E6;\r\n        box-sizing: border-box;\r\n        border-radius: 2px;\r\n        cursor: pointer;\r\n}\r\n<\/style>\r\n\r\n<p>\r\n  Datum veljavnosti: 25-Jul-2024 <br> Zadnji\u010d posodobljeno: 25-Jul-2024\r\n<\/p>\r\n\r\n&nbsp;\r\n<h5>Kaj so pi\u0161kotki?<\/h5>\r\n<div class=\"cookie-policy-p\"><p>Ta pravilnik o pi\u0161kotkih pojasnjuje, kaj so pi\u0161kotki in kako jih uporabljamo, vrste pi\u0161kotkov, ki jih uporabljamo, tj. informacije, ki jih zbiramo s pi\u0161kotki, in kako se te informacije uporabljajo ter kako upravljati nastavitve pi\u0161kotkov.<\/p> <p>Pi\u0161kotki so majhne besedilne datoteke, ki se uporabljajo za shranjevanje majhnih informacij. Ko se spletno mesto nalo\u017ei v brskalnik, se shranijo v va\u0161i napravi. Ti pi\u0161kotki nam pomagajo, da spletna stran deluje pravilno, jo naredimo bolj varno, zagotovimo bolj\u0161o uporabni\u0161ko izku\u0161njo in razumemo, kako spletna stran deluje ter analiziramo, kaj deluje in kje je treba izbolj\u0161ati.<\/p><\/div>\r\n\r\n&nbsp;\r\n<h5>Kako uporabljamo pi\u0161kotke?<\/h5>\r\n<div class=\"cookie-policy-p\"><p>Kot ve\u010dina spletnih storitev tudi na\u0161e spletno mesto uporablja lastne pi\u0161kotke in pi\u0161kotke tretjih oseb za ve\u010d namenov. Lastni pi\u0161kotki so ve\u010dinoma potrebni za pravilno delovanje spletnega mesta in ne zbirajo nobenih va\u0161ih osebnih podatkov.<\/p> <p>Pi\u0161kotki tretjih oseb, ki se uporabljajo na na\u0161em spletnem mestu, so v glavnem namenjeni razumevanju delovanja spletnega mesta, va\u0161e interakcije z na\u0161im spletnim mestom, zagotavljanju varnosti na\u0161ih storitev, zagotavljanju oglasov, ki so pomembni za vas, in na splo\u0161no vam zagotavljajo bolj\u0161ega in izbolj\u0161anega uporabnika. izku\u0161enj in pomaga pospe\u0161iti va\u0161e prihodnje interakcije z na\u0161im spletnim mestom.<\/p><\/div>\r\n\r\n&nbsp;\r\n    <h5>Vrste pi\u0161kotkov, ki jih uporabljamo<\/h5>\r\n\r\n<script type=\"text\/javascript\" charset=\"UTF-8\" data-cookiescriptreport=\"report\" src=\"\/\/report.cookie-script.com\/r\/8da860a1f34daf23aa3042972f5949cf.js\"><\/script>\r\n\r\n\r\n\r\n&nbsp;\r\n    <div><p>Nastavitve pi\u0161kotkov lahko kadar koli spremenite s klikom na zgornji gumb. To vam bo omogo\u010dilo, da ponovno obi\u0161\u010dete pasico s soglasjem za pi\u0161kotke in spremenite svoje nastavitve ali takoj umaknete soglasje <\/p> <p>Poleg tega razli\u010dni brskalniki ponujajo razli\u010dne metode za blokiranje in brisanje pi\u0161kotkov, ki jih uporabljajo spletna mesta. Nastavitve brskalnika lahko spremenite tako, da blokirate\/izbri\u0161ete pi\u0161kotke. Listed below are the links to the support documents on how to manage and delete cookies from the major web browsers.<\/p> <p>Chrome: <a href=\"https:\/\/support.google.com\/accounts\/answer\/32050\" target=\"_blank\">https:\/\/support.google.com\/accounts\/answer\/32050<\/a><\/p><p>Safari: <a href=\"https:\/\/support.apple.com\/en-in\/guide\/safari\/sfri11471\/mac\" target=\"_blank\">https:\/\/support.apple.com\/en-in\/guide\/safari\/sfri11471\/mac<\/a><\/p><p>Firefox: <a href=\"https:\/\/support.mozilla.org\/en-US\/kb\/clear-cookies-and-site-data-firefox?redirectslug=delete-cookies-remove-info-websites-stored&amp;redirectlocale=en-US\" target=\"_blank\">https:\/\/support.mozilla.org\/en-US\/kb\/clear-cookies-and-site-data-firefox?redirectslug=delete-cookies-remove-info-websites-storedredirectlocale=en-US<\/a><\/p><p>Internet Explorer: <a href=\"https:\/\/support.microsoft.com\/en-us\/topic\/how-to-delete-cookie-files-in-internet-explorer-bca9446f-d873-78de-77ba-d42645fa52fc\" target=\"_blank\">https:\/\/support.microsoft.com\/en-us\/topic\/how-to-delete-cookie-files-in-internet-explorer-bca9446f-d873-78de-77ba-d42645fa52fc<\/a><\/p><p>\u010ce uporabljate kateri koli drug spletni brskalnik, obi\u0161\u010dite uradne dokumente za podporo brskalnika.<\/p><\/div>\r\n\r\n\r\n&nbsp;\r\n\t\t\t\t<\/div>\n\t\t\t\t<\/div>\n\t\t\t\t\t<\/div>\n\t\t<\/div>\n\t\t\t\t\t<\/div>\n\t\t<\/section>\n\t\t\t\t<\/div>\n\t\t","protected":false},"excerpt":{"rendered":"<p>Politika pi\u0161kotkov (EU) Datum veljavnosti: 25-Jul-2024 Zadnji\u010d posodobljeno: 25-Jul-2024 &nbsp; Kaj so pi\u0161kotki? Ta pravilnik o pi\u0161kotkih pojasnjuje, kaj so pi\u0161kotki in kako jih uporabljamo, vrste pi\u0161kotkov, ki jih uporabljamo, tj. informacije, ki jih zbiramo s pi\u0161kotki, in kako se te informacije uporabljajo ter kako upravljati nastavitve pi\u0161kotkov. Pi\u0161kotki so majhne besedilne datoteke, ki se [&hellip;]<\/p>\n","protected":false},"author":6,"featured_media":0,"parent":0,"menu_order":0,"comment_status":"closed","ping_status":"closed","template":"","meta":{"footnotes":""},"class_list":["post-2792","page","type-page","status-publish","hentry"],"yoast_head":"<!-- This site is optimized with the Yoast SEO plugin v26.9 - https:\/\/yoast.com\/product\/yoast-seo-wordpress\/ -->\n<title>Politika pi\u0161kotkov (EU) - Restaurant Lectar<\/title>\n<meta name=\"robots\" content=\"index, follow, max-snippet:-1, max-image-preview:large, max-video-preview:-1\" \/>\n<link rel=\"canonical\" href=\"https:\/\/www.lectar.com\/sl\/politika-piskotkov-eu\/\" \/>\n<meta property=\"og:locale\" content=\"sl_SI\" \/>\n<meta property=\"og:type\" content=\"article\" \/>\n<meta property=\"og:title\" content=\"Politika pi\u0161kotkov (EU) - Restaurant Lectar\" \/>\n<meta property=\"og:description\" content=\"Politika pi\u0161kotkov (EU) Datum veljavnosti: 25-Jul-2024 Zadnji\u010d posodobljeno: 25-Jul-2024 &nbsp; Kaj so pi\u0161kotki? Ta pravilnik o pi\u0161kotkih pojasnjuje, kaj so pi\u0161kotki in kako jih uporabljamo, vrste pi\u0161kotkov, ki jih uporabljamo, tj. informacije, ki jih zbiramo s pi\u0161kotki, in kako se te informacije uporabljajo ter kako upravljati nastavitve pi\u0161kotkov. Pi\u0161kotki so majhne besedilne datoteke, ki se [&hellip;]\" \/>\n<meta property=\"og:url\" content=\"https:\/\/www.lectar.com\/sl\/politika-piskotkov-eu\/\" \/>\n<meta property=\"og:site_name\" content=\"Restaurant Lectar\" \/>\n<meta property=\"article:publisher\" content=\"https:\/\/www.facebook.com\/pages\/Gostilna-Lectar\/150333148451244\" \/>\n<meta property=\"article:modified_time\" content=\"2025-09-10T10:56:02+00:00\" \/>\n<meta property=\"og:image\" content=\"https:\/\/www.lectar.com\/wp-content\/uploads\/2023\/04\/classic-room-with-terrace-2-1-2.webp\" \/>\n\t<meta property=\"og:image:width\" content=\"1920\" \/>\n\t<meta property=\"og:image:height\" content=\"800\" \/>\n\t<meta property=\"og:image:type\" content=\"image\/webp\" \/>\n<meta name=\"twitter:card\" content=\"summary_large_image\" \/>\n<meta name=\"twitter:label1\" content=\"Est. reading time\" \/>\n\t<meta name=\"twitter:data1\" content=\"2 minuti\" \/>\n<script type=\"application\/ld+json\" class=\"yoast-schema-graph\">{\"@context\":\"https:\/\/schema.org\",\"@graph\":[{\"@type\":\"WebPage\",\"@id\":\"https:\/\/www.lectar.com\/sl\/politika-piskotkov-eu\/\",\"url\":\"https:\/\/www.lectar.com\/sl\/politika-piskotkov-eu\/\",\"name\":\"Politika pi\u0161kotkov (EU) - Restaurant Lectar\",\"isPartOf\":{\"@id\":\"https:\/\/www.lectar.com\/sl\/#website\"},\"datePublished\":\"2023-06-22T14:07:45+00:00\",\"dateModified\":\"2025-09-10T10:56:02+00:00\",\"breadcrumb\":{\"@id\":\"https:\/\/www.lectar.com\/sl\/politika-piskotkov-eu\/#breadcrumb\"},\"inLanguage\":\"sl-SI\",\"potentialAction\":[{\"@type\":\"ReadAction\",\"target\":[\"https:\/\/www.lectar.com\/sl\/politika-piskotkov-eu\/\"]}]},{\"@type\":\"BreadcrumbList\",\"@id\":\"https:\/\/www.lectar.com\/sl\/politika-piskotkov-eu\/#breadcrumb\",\"itemListElement\":[{\"@type\":\"ListItem\",\"position\":1,\"name\":\"Doma\u010da stran\",\"item\":\"https:\/\/www.lectar.com\/sl\/\"},{\"@type\":\"ListItem\",\"position\":2,\"name\":\"Politika pi\u0161kotkov (EU)\"}]},{\"@type\":\"WebSite\",\"@id\":\"https:\/\/www.lectar.com\/sl\/#website\",\"url\":\"https:\/\/www.lectar.com\/sl\/\",\"name\":\"Penzion & Restaurant Lectar\",\"description\":\"House with a tradition Lectar - rooms, restaurant &amp; museum\",\"publisher\":{\"@id\":\"https:\/\/www.lectar.com\/sl\/#organization\"},\"alternateName\":\"Restaurant & Penzion Lectar\",\"potentialAction\":[{\"@type\":\"SearchAction\",\"target\":{\"@type\":\"EntryPoint\",\"urlTemplate\":\"https:\/\/www.lectar.com\/sl\/?s={search_term_string}\"},\"query-input\":{\"@type\":\"PropertyValueSpecification\",\"valueRequired\":true,\"valueName\":\"search_term_string\"}}],\"inLanguage\":\"sl-SI\"},{\"@type\":\"Organization\",\"@id\":\"https:\/\/www.lectar.com\/sl\/#organization\",\"name\":\"Penzion & Restaurant Lectar\",\"url\":\"https:\/\/www.lectar.com\/sl\/\",\"logo\":{\"@type\":\"ImageObject\",\"inLanguage\":\"sl-SI\",\"@id\":\"https:\/\/www.lectar.com\/sl\/#\/schema\/logo\/image\/\",\"url\":\"https:\/\/www.lectar.com\/wp-content\/uploads\/2022\/12\/cropped-lectar-logo-e1678460742399.png\",\"contentUrl\":\"https:\/\/www.lectar.com\/wp-content\/uploads\/2022\/12\/cropped-lectar-logo-e1678460742399.png\",\"width\":512,\"height\":512,\"caption\":\"Penzion & Restaurant Lectar\"},\"image\":{\"@id\":\"https:\/\/www.lectar.com\/sl\/#\/schema\/logo\/image\/\"},\"sameAs\":[\"https:\/\/www.facebook.com\/pages\/Gostilna-Lectar\/150333148451244\",\"https:\/\/www.instagram.com\/gostilnainpenzionlectar\/\"]}]}<\/script>\n<!-- \/ Yoast SEO plugin. -->","yoast_head_json":{"title":"Politika pi\u0161kotkov (EU) - Restaurant Lectar","robots":{"index":"index","follow":"follow","max-snippet":"max-snippet:-1","max-image-preview":"max-image-preview:large","max-video-preview":"max-video-preview:-1"},"canonical":"https:\/\/www.lectar.com\/sl\/politika-piskotkov-eu\/","og_locale":"sl_SI","og_type":"article","og_title":"Politika pi\u0161kotkov (EU) - Restaurant Lectar","og_description":"Politika pi\u0161kotkov (EU) Datum veljavnosti: 25-Jul-2024 Zadnji\u010d posodobljeno: 25-Jul-2024 &nbsp; Kaj so pi\u0161kotki? Ta pravilnik o pi\u0161kotkih pojasnjuje, kaj so pi\u0161kotki in kako jih uporabljamo, vrste pi\u0161kotkov, ki jih uporabljamo, tj. informacije, ki jih zbiramo s pi\u0161kotki, in kako se te informacije uporabljajo ter kako upravljati nastavitve pi\u0161kotkov. Pi\u0161kotki so majhne besedilne datoteke, ki se [&hellip;]","og_url":"https:\/\/www.lectar.com\/sl\/politika-piskotkov-eu\/","og_site_name":"Restaurant Lectar","article_publisher":"https:\/\/www.facebook.com\/pages\/Gostilna-Lectar\/150333148451244","article_modified_time":"2025-09-10T10:56:02+00:00","og_image":[{"width":1920,"height":800,"url":"https:\/\/www.lectar.com\/wp-content\/uploads\/2023\/04\/classic-room-with-terrace-2-1-2.webp","type":"image\/webp"}],"twitter_card":"summary_large_image","twitter_misc":{"Est. reading time":"2 minuti"},"schema":{"@context":"https:\/\/schema.org","@graph":[{"@type":"WebPage","@id":"https:\/\/www.lectar.com\/sl\/politika-piskotkov-eu\/","url":"https:\/\/www.lectar.com\/sl\/politika-piskotkov-eu\/","name":"Politika pi\u0161kotkov (EU) - Restaurant Lectar","isPartOf":{"@id":"https:\/\/www.lectar.com\/sl\/#website"},"datePublished":"2023-06-22T14:07:45+00:00","dateModified":"2025-09-10T10:56:02+00:00","breadcrumb":{"@id":"https:\/\/www.lectar.com\/sl\/politika-piskotkov-eu\/#breadcrumb"},"inLanguage":"sl-SI","potentialAction":[{"@type":"ReadAction","target":["https:\/\/www.lectar.com\/sl\/politika-piskotkov-eu\/"]}]},{"@type":"BreadcrumbList","@id":"https:\/\/www.lectar.com\/sl\/politika-piskotkov-eu\/#breadcrumb","itemListElement":[{"@type":"ListItem","position":1,"name":"Doma\u010da stran","item":"https:\/\/www.lectar.com\/sl\/"},{"@type":"ListItem","position":2,"name":"Politika pi\u0161kotkov (EU)"}]},{"@type":"WebSite","@id":"https:\/\/www.lectar.com\/sl\/#website","url":"https:\/\/www.lectar.com\/sl\/","name":"Penzion & Restaurant Lectar","description":"House with a tradition Lectar - rooms, restaurant &amp; museum","publisher":{"@id":"https:\/\/www.lectar.com\/sl\/#organization"},"alternateName":"Restaurant & Penzion Lectar","potentialAction":[{"@type":"SearchAction","target":{"@type":"EntryPoint","urlTemplate":"https:\/\/www.lectar.com\/sl\/?s={search_term_string}"},"query-input":{"@type":"PropertyValueSpecification","valueRequired":true,"valueName":"search_term_string"}}],"inLanguage":"sl-SI"},{"@type":"Organization","@id":"https:\/\/www.lectar.com\/sl\/#organization","name":"Penzion & Restaurant Lectar","url":"https:\/\/www.lectar.com\/sl\/","logo":{"@type":"ImageObject","inLanguage":"sl-SI","@id":"https:\/\/www.lectar.com\/sl\/#\/schema\/logo\/image\/","url":"https:\/\/www.lectar.com\/wp-content\/uploads\/2022\/12\/cropped-lectar-logo-e1678460742399.png","contentUrl":"https:\/\/www.lectar.com\/wp-content\/uploads\/2022\/12\/cropped-lectar-logo-e1678460742399.png","width":512,"height":512,"caption":"Penzion & Restaurant Lectar"},"image":{"@id":"https:\/\/www.lectar.com\/sl\/#\/schema\/logo\/image\/"},"sameAs":["https:\/\/www.facebook.com\/pages\/Gostilna-Lectar\/150333148451244","https:\/\/www.instagram.com\/gostilnainpenzionlectar\/"]}]}},"_links":{"self":[{"href":"https:\/\/www.lectar.com\/sl\/wp-json\/wp\/v2\/pages\/2792","targetHints":{"allow":["GET"]}}],"collection":[{"href":"https:\/\/www.lectar.com\/sl\/wp-json\/wp\/v2\/pages"}],"about":[{"href":"https:\/\/www.lectar.com\/sl\/wp-json\/wp\/v2\/types\/page"}],"author":[{"embeddable":true,"href":"https:\/\/www.lectar.com\/sl\/wp-json\/wp\/v2\/users\/6"}],"replies":[{"embeddable":true,"href":"https:\/\/www.lectar.com\/sl\/wp-json\/wp\/v2\/comments?post=2792"}],"version-history":[{"count":2,"href":"https:\/\/www.lectar.com\/sl\/wp-json\/wp\/v2\/pages\/2792\/revisions"}],"predecessor-version":[{"id":3349,"href":"https:\/\/www.lectar.com\/sl\/wp-json\/wp\/v2\/pages\/2792\/revisions\/3349"}],"wp:attachment":[{"href":"https:\/\/www.lectar.com\/sl\/wp-json\/wp\/v2\/media?parent=2792"}],"curies":[{"name":"wp","href":"https:\/\/api.w.org\/{rel}","templated":true}]}}