{"id":3361,"date":"2024-10-22T11:17:38","date_gmt":"2024-10-22T11:17:38","guid":{"rendered":"https:\/\/www.lectar.com\/informativa-sulla-privacy\/"},"modified":"2025-09-10T12:49:29","modified_gmt":"2025-09-10T12:49:29","slug":"informativa-sulla-privacy","status":"publish","type":"page","link":"https:\/\/www.lectar.com\/it\/informativa-sulla-privacy\/","title":{"rendered":"Informativa sulla privacy"},"content":{"rendered":"\t\t<div data-elementor-type=\"wp-page\" data-elementor-id=\"3361\" class=\"elementor elementor-3361 elementor-2891\" data-elementor-post-type=\"page\">\n\t\t\t\t<section class=\"elementor-element elementor-element-a99867b e-flex e-con-boxed e-con e-parent\" data-id=\"a99867b\" data-element_type=\"container\" data-e-type=\"container\" data-settings=\"{&quot;background_background&quot;:&quot;classic&quot;,&quot;shape_divider_bottom&quot;:&quot;arrow&quot;}\">\n\t\t\t\t\t<div class=\"e-con-inner\">\n\t\t\t\t<div class=\"elementor-shape elementor-shape-bottom\" aria-hidden=\"true\" data-negative=\"false\">\n\t\t\t<svg xmlns=\"http:\/\/www.w3.org\/2000\/svg\" viewBox=\"0 0 700 10\" preserveAspectRatio=\"none\">\n\t<path class=\"elementor-shape-fill\" d=\"M350,10L340,0h20L350,10z\"\/>\n<\/svg>\t\t<\/div>\n\t\t\t\t<div class=\"elementor-element elementor-element-7e0ad84 elementor-widget elementor-widget-heading\" data-id=\"7e0ad84\" data-element_type=\"widget\" data-e-type=\"widget\" data-widget_type=\"heading.default\">\n\t\t\t\t<div class=\"elementor-widget-container\">\n\t\t\t\t\t<h1 class=\"elementor-heading-title elementor-size-default\">Informativa sulla privacy<\/h1>\t\t\t\t<\/div>\n\t\t\t\t<\/div>\n\t\t\t\t\t<\/div>\n\t\t\t\t<\/section>\n\t\t\t\t<section class=\"elementor-section elementor-top-section elementor-element elementor-element-54960223 elementor-section-boxed elementor-section-height-default elementor-section-height-default\" data-id=\"54960223\" data-element_type=\"section\" data-e-type=\"section\">\n\t\t\t\t\t\t<div class=\"elementor-container elementor-column-gap-default\">\n\t\t\t\t\t<div class=\"elementor-column elementor-col-100 elementor-top-column elementor-element elementor-element-4d36c09\" data-id=\"4d36c09\" data-element_type=\"column\" data-e-type=\"column\">\n\t\t\t<div class=\"elementor-widget-wrap elementor-element-populated\">\n\t\t\t\t\t\t<div class=\"elementor-element elementor-element-e5c0af3 elementor-widget elementor-widget-text-editor\" data-id=\"e5c0af3\" data-element_type=\"widget\" data-e-type=\"widget\" data-widget_type=\"text-editor.default\">\n\t\t\t\t<div class=\"elementor-widget-container\">\n\t\t\t\t\t\t\t\t\t<div>\n<p><span style=\"color: var( --e-global-color-text ); font-family: var( --e-global-typography-text-font-family ), Sans-serif; font-size: var( --e-global-typography-text-font-size );\"><b>Ci impegniamo a proteggere la tua privacy<\/b><\/span><\/p>\n<\/div>\n<div>\n<p>La presente informativa sulla privacy si applica al sito web https:\/\/www.lectar.com\/. In essa vengono definiti i principi di trattamento e conservazione dei dati personali forniti dagli utenti in relazione all&#8217;utilizzo dei servizi offerti da Gu\u0161t d.o.o.<\/p>\n<\/div>\n<div>\n<p><b>Titolare del trattamento dei dati personali<\/b><\/p>\n<\/div>\n<div>\n<p>Il titolare del trattamento dei dati personali ottenuti su questo sito web \u00e8 la societ\u00e0 GU\u0160T d.o.o, Ljubljanska cesta 13A, Bled, 4260 Bled numero di registrazione: 8461651000, Partita IVA: SI24088331. Ci impegniamo a rispettare la tua privacy e a trattare i tuoi dati personali in modo sicuro e in conformit\u00e0 con la legislazione sulla protezione dei dati personali (Regolamento (UE) 2016\/679 (GDPR) e la legge sulla protezione dei dati personali &#8211; ZVOP-1). Utilizziamo i dati ottenuti esclusivamente per scopi legati alla nostra attivit\u00e0.  <\/p>\n<\/div>\n<div>\n<p><b>Responsabile del trattamento dei dati personali<\/b><\/p>\n<\/div>\n<div>\n<p>Collaboriamo con fornitori di servizi esterni che agiscono come nostri responsabili del trattamento dei dati personali. Essi elaborano i dati per nostro conto allo scopo di ottenere prenotazioni, fornire servizi analitici e di marketing, migliorare il servizio e l&#8217;esperienza degli utenti, ecc. <\/p>\n<\/div>\n<div>\n<p>Utilizziamo il motore di prenotazione Booking Engine Cubilis di Stardekk NV. per l&#8217;acquisizione e l&#8217;elaborazione delle prenotazioni dirette online per un soggiorno nella nostra struttura. L&#8217;azienda Stardekk NV. partecipa e ha confermato la propria conformit\u00e0 alla direttiva EU-U.S Privacy Shield Framework. Per saperne di pi\u00f9 sulla politica sulla privacy di Stardekk clicca qui (link: https:\/\/www.stardekk.com\/privacy-policy)    <\/p>\n<\/div>\n<div>\n<p>Utilizziamo i software Sendpulse e ZOHO Campaigns di SendPulse Inc. per elaborare le iscrizioni alla nostra e-newsletter e inviare e-newsletter promozionali. SendPulse Inc. conserva i nostri dati nell&#8217;UE e negli Stati Uniti e collabora e ha confermato la sua conformit\u00e0 alla direttiva GDPR dell&#8217;UE. Per saperne di pi\u00f9 sull&#8217;informativa sulla privacy di Sendpulse clicca qui (link: https:\/\/sendpulse.com\/legal\/pp).  <\/p>\n<\/div>\n<div>\n<p><b>Come raccogliamo i tuoi dati personali?<\/b><\/p>\n<\/div>\n<div>\n<p>Trattiamo i tuoi dati con la massima cura possibile. Tutte le informazioni personali raccolte dagli utenti del sito web sono private e riservate. <\/p>\n<\/div>\n<div>\n<p>Raccogliamo i dati personali nel modulo di prenotazione, dove l&#8217;utente inserisce tutti i dati personali rilevanti per la prenotazione e per la nostra prestazione del servizio richiesto.<\/p>\n<\/div>\n<div>\n<p>Inoltre, raccogliamo i dati personali che l&#8217;utente fornisce quando compila il modulo di registrazione alla newsletter.<\/p>\n<\/div>\n<div>\n<p>Raccogliamo fisicamente i dati personali del cliente al momento del check-in in hotel presso la reception.<\/p>\n<\/div>\n<div>\n<p>Oltre ai dati personali forniti dall&#8217;utente attraverso i metodi sopra descritti, questo sito web utilizza una tecnologia che raccoglie alcune informazioni tecniche, come l&#8217;indirizzo IP dell&#8217;utente. L&#8217;indirizzo IP dell&#8217;utente viene registrato al momento dell&#8217;iscrizione alla newsletter (e serve solo come prova che l&#8217;utente stesso si \u00e8 iscritto alla newsletter). <\/p>\n<\/div>\n<div>\n<p>In tutti gli altri casi, tuttavia, non colleghiamo gli IP alle persone e ogni utente del sito web \u00e8 anonimo. Raccogliamo dati anonimi sull&#8217;utilizzo del nostro sito web con l&#8217;aiuto di cookie e tecnologie simili. Maggiori informazioni su come utilizziamo queste tecnologie per raccogliere informazioni sull&#8217;utente sono disponibili nella <a href=\"https:\/\/www.lectar.com\/it\/informativa-sui-cookie-ue\/\">Politica sui cookie<\/a>.  <\/p>\n<\/div>\n<div>\n<p><b>Quali dati personali vengono raccolti?<\/b><\/p>\n<\/div>\n<div>\n<p>Nel modulo di prenotazione raccogliamo i seguenti dati:<\/p>\n<\/div>\n<ul>\n<li>Nome, cognome, numero di telefono, indirizzo e-mail e paese dell&#8217;utente;<\/li>\n<li>Informazioni sull&#8217;azienda dell&#8217;utente (se la prenotazione viene effettuata per un&#8217;azienda);<\/li>\n<li>Informazioni sulla carta di credito (tipo di carta di credito, nome del titolare, numero di carta di credito, data di scadenza);<\/li>\n<li>Informazioni sul soggiorno dell&#8217;ospite, tra cui la data di arrivo e di partenza, il tipo di servizio, la selezione di un&#8217;offerta speciale, richieste e desideri particolari;<\/li>\n<li>Ti offriamo un&#8217;opzione facoltativa per iscriverti alle nostre e-news promozionali selezionando una casella di controllo vuota.<\/li>\n<li>Nel modulo di registrazione alla newsletter, raccogliamo il nome, il cognome, l&#8217;indirizzo e-mail, la lingua selezionata, la data e l&#8217;ora di registrazione e l&#8217;indirizzo IP dell&#8217;utente.<\/li>\n<li>Quando si richiede un evento, raccogliamo tutte le informazioni relative all&#8217;evento (informazioni di contatto come nome, cognome, e-mail, nome e indirizzo dell&#8217;azienda, orario di inizio e fine dell&#8217;evento, durata dell&#8217;evento, numero di partecipanti, eventuali esigenze di alloggio e servizi richiesti).<\/li>\n<li>Al momento del check-in in hotel, alla reception raccogliamo il nome e il cognome del cliente, il paese, la data di nascita, il tipo di documento personale e il numero personale.<\/li>\n<\/ul>\n<div>\n<p><b>Per quale scopo vengono utilizzati i dati personali?<\/b><\/p>\n<\/div>\n<div>\n<p>Tutte le informazioni ottenute nel modulo di prenotazione vengono utilizzate per elaborare la tua prenotazione e per le comunicazioni relative alla fornitura dei nostri servizi; ci\u00f2 include le e-mail transazionali per l&#8217;esecuzione dell&#8217;accordo commerciale stipulato con la prenotazione inviata da noi e dai destinatari dei nostri servizi (ospiti).<\/p>\n<\/div>\n<div>\n<p>L&#8217;indirizzo e-mail ottenuto tramite il modulo di iscrizione alla e-newsletter o selezionando la casella vuota di iscrizione alla e-newsletter nel modulo di prenotazione viene utilizzato per l&#8217;invio di materiale promozionale sulla nostra offerta tramite il sistema di email marketing [email marketing system name]. Le informazioni relative al nome e alla lingua selezionata ottenute nello stesso modulo vengono utilizzate per personalizzare l&#8217;esperienza dell&#8217;utente nella ricezione delle e-news. <\/p>\n<\/div>\n<div>\n<p>Le informazioni ottenute tramite il modulo di richiesta eventi vengono utilizzate per preparare offerte per eventi, riunioni o conferenze presso il nostro hotel.<\/p>\n<\/div>\n<div>\n<p>Raccogliamo i dati personali che otteniamo al momento del check-in in hotel presso la reception al fine di garantire l&#8217;adempimento dei nostri obblighi legali.<\/p>\n<\/div>\n<div>\n<p><b>Base per il trattamento dei dati personali<\/b><\/p>\n<\/div>\n<div>\n<p>Modulo di prenotazione: Adempiere agli obblighi legali dell&#8217;operatore<\/p>\n<\/div>\n<div>\n<p>Abbonamento alle e-news: Consenso personale<\/p>\n<\/div>\n<div>\n<p>Richiesta di offerta: Adempimento degli obblighi contrattuali del titolare del trattamento<\/p>\n<\/div>\n<div>\n<p>Registrazione alla reception: Adempimento degli obblighi contrattuali del gestore, Adempimento degli obblighi giuridici del gestore<\/p>\n<\/div>\n<div>\n<p><b>Periodo di conservazione dei dati personali<\/b><\/p>\n<\/div>\n<div>\n<p>Possiamo conservare i dati personali per il tempo necessario a soddisfare gli scopi per cui sono stati raccolti o fino a quando l&#8217;individuo non ritira il consenso. In caso di revoca scritta del consenso da parte dell&#8217;utente, i dati vengono cancellati. <\/p>\n<\/div>\n<div>&nbsp;<\/div>\n<div>\n<p>Ulteriori domande possono essere rivolte al responsabile della protezione dei dati all&#8217;indirizzo info@lectar.com.<\/p>\n<\/div>\n<div>\n<p><b>Il tuo diritto<\/b><\/p>\n<\/div>\n<div>\n<p>Puoi revocare il consenso prestato in qualsiasi momento, richiedere l&#8217;accesso, la correzione, la limitazione del trattamento dei dati personali, la cancellazione dei dati personali o un reclamo relativo al trattamento dei tuoi dati comunicandocelo per iscritto all&#8217;indirizzo GU\u0160T d.o.o, Ljubljanska cesta 13A, Bled, 4260 Bled o via e-mail all&#8217;indirizzo info@lectar.com.<\/p>\n<\/div>\n<div>\n<p>Se il nostro trattamento non soddisfa le tue aspettative, hai il diritto di presentare qualsiasi reclamo o lamentela all&#8217;autorit\u00e0 di vigilanza competente, vale a dire il Commissario per le informazioni della Repubblica di Slovenia.<\/p>\n<\/div>\n<div>\n<p><b>Il nostro contatto<\/b><\/p>\n<\/div>\n<div>\n<p>Il responsabile dei tuoi dati personali \u00e8 GU\u0160T d.o.o., Ljubljanska cesta 13A, Bled, 4260 Bled, numero di registrazione: 8461651000, Partita IVA: SI24088331.<\/p>\n<\/div>\n<div>\n<p>Se hai domande sulle modalit\u00e0 di trattamento dei tuoi dati personali o se desideri esercitare uno dei diritti previsti dalla presente informativa sulla privacy, contattaci all&#8217;indirizzo info@lectar.com.<\/p>\n<\/div>\n<div>\n<p><b>Validit\u00e0<\/b><\/p>\n<\/div>\n<div>\n<p>La data di entrata in vigore della presente informativa sulla privacy \u00e8 il gennaio 2025. Il presente documento \u00e8 soggetto a modifiche senza preavviso. <\/p>\n<\/div>\t\t\t\t\t\t\t\t<\/div>\n\t\t\t\t<\/div>\n\t\t\t\t\t<\/div>\n\t\t<\/div>\n\t\t\t\t\t<\/div>\n\t\t<\/section>\n\t\t\t\t<\/div>\n\t\t","protected":false},"excerpt":{"rendered":"<p>Informativa sulla privacy Ci impegniamo a proteggere la tua privacy La presente informativa sulla privacy si applica al sito web https:\/\/www.lectar.com\/. In essa vengono definiti i principi di trattamento e conservazione dei dati personali forniti dagli utenti in relazione all&#8217;utilizzo dei servizi offerti da Gu\u0161t d.o.o. Titolare del trattamento dei dati personali Il titolare del [&hellip;]<\/p>\n","protected":false},"author":6,"featured_media":0,"parent":0,"menu_order":0,"comment_status":"closed","ping_status":"closed","template":"","meta":{"footnotes":""},"class_list":["post-3361","page","type-page","status-publish","hentry"],"yoast_head":"<!-- This site is optimized with the Yoast SEO plugin v26.9 - https:\/\/yoast.com\/product\/yoast-seo-wordpress\/ -->\n<title>Informativa sulla privacy - Restaurant Lectar<\/title>\n<meta name=\"robots\" content=\"index, follow, max-snippet:-1, max-image-preview:large, max-video-preview:-1\" \/>\n<link rel=\"canonical\" href=\"https:\/\/www.lectar.com\/it\/informativa-sulla-privacy\/\" \/>\n<meta property=\"og:locale\" content=\"it_IT\" \/>\n<meta property=\"og:type\" content=\"article\" \/>\n<meta property=\"og:title\" content=\"Informativa sulla privacy - Restaurant Lectar\" \/>\n<meta property=\"og:description\" content=\"Informativa sulla privacy Ci impegniamo a proteggere la tua privacy La presente informativa sulla privacy si applica al sito web https:\/\/www.lectar.com\/. In essa vengono definiti i principi di trattamento e conservazione dei dati personali forniti dagli utenti in relazione all&#8217;utilizzo dei servizi offerti da Gu\u0161t d.o.o. Titolare del trattamento dei dati personali Il titolare del [&hellip;]\" \/>\n<meta property=\"og:url\" content=\"https:\/\/www.lectar.com\/it\/informativa-sulla-privacy\/\" \/>\n<meta property=\"og:site_name\" content=\"Restaurant Lectar\" \/>\n<meta property=\"article:publisher\" content=\"https:\/\/www.facebook.com\/pages\/Gostilna-Lectar\/150333148451244\" \/>\n<meta property=\"article:modified_time\" content=\"2025-09-10T12:49:29+00:00\" \/>\n<meta property=\"og:image\" content=\"https:\/\/www.lectar.com\/wp-content\/uploads\/2023\/04\/classic-room-with-terrace-2-1-2.webp\" \/>\n\t<meta property=\"og:image:width\" content=\"1920\" \/>\n\t<meta property=\"og:image:height\" content=\"800\" \/>\n\t<meta property=\"og:image:type\" content=\"image\/webp\" \/>\n<meta name=\"twitter:card\" content=\"summary_large_image\" \/>\n<meta name=\"twitter:label1\" content=\"Tempo di lettura stimato\" \/>\n\t<meta name=\"twitter:data1\" content=\"6 minuti\" \/>\n<script type=\"application\/ld+json\" class=\"yoast-schema-graph\">{\"@context\":\"https:\/\/schema.org\",\"@graph\":[{\"@type\":\"WebPage\",\"@id\":\"https:\/\/www.lectar.com\/it\/informativa-sulla-privacy\/\",\"url\":\"https:\/\/www.lectar.com\/it\/informativa-sulla-privacy\/\",\"name\":\"Informativa sulla privacy - Restaurant Lectar\",\"isPartOf\":{\"@id\":\"https:\/\/www.lectar.com\/it\/#website\"},\"datePublished\":\"2024-10-22T11:17:38+00:00\",\"dateModified\":\"2025-09-10T12:49:29+00:00\",\"breadcrumb\":{\"@id\":\"https:\/\/www.lectar.com\/it\/informativa-sulla-privacy\/#breadcrumb\"},\"inLanguage\":\"it-IT\",\"potentialAction\":[{\"@type\":\"ReadAction\",\"target\":[\"https:\/\/www.lectar.com\/it\/informativa-sulla-privacy\/\"]}]},{\"@type\":\"BreadcrumbList\",\"@id\":\"https:\/\/www.lectar.com\/it\/informativa-sulla-privacy\/#breadcrumb\",\"itemListElement\":[{\"@type\":\"ListItem\",\"position\":1,\"name\":\"Pagina iniziale\",\"item\":\"https:\/\/www.lectar.com\/it\/\"},{\"@type\":\"ListItem\",\"position\":2,\"name\":\"Informativa sulla privacy\"}]},{\"@type\":\"WebSite\",\"@id\":\"https:\/\/www.lectar.com\/it\/#website\",\"url\":\"https:\/\/www.lectar.com\/it\/\",\"name\":\"Penzion & Restaurant Lectar\",\"description\":\"House with a tradition Lectar - rooms, restaurant &amp; museum\",\"publisher\":{\"@id\":\"https:\/\/www.lectar.com\/it\/#organization\"},\"alternateName\":\"Restaurant & Penzion Lectar\",\"potentialAction\":[{\"@type\":\"SearchAction\",\"target\":{\"@type\":\"EntryPoint\",\"urlTemplate\":\"https:\/\/www.lectar.com\/it\/?s={search_term_string}\"},\"query-input\":{\"@type\":\"PropertyValueSpecification\",\"valueRequired\":true,\"valueName\":\"search_term_string\"}}],\"inLanguage\":\"it-IT\"},{\"@type\":\"Organization\",\"@id\":\"https:\/\/www.lectar.com\/it\/#organization\",\"name\":\"Penzion & Restaurant Lectar\",\"url\":\"https:\/\/www.lectar.com\/it\/\",\"logo\":{\"@type\":\"ImageObject\",\"inLanguage\":\"it-IT\",\"@id\":\"https:\/\/www.lectar.com\/it\/#\/schema\/logo\/image\/\",\"url\":\"https:\/\/www.lectar.com\/wp-content\/uploads\/2022\/12\/cropped-lectar-logo-e1678460742399.png\",\"contentUrl\":\"https:\/\/www.lectar.com\/wp-content\/uploads\/2022\/12\/cropped-lectar-logo-e1678460742399.png\",\"width\":512,\"height\":512,\"caption\":\"Penzion & Restaurant Lectar\"},\"image\":{\"@id\":\"https:\/\/www.lectar.com\/it\/#\/schema\/logo\/image\/\"},\"sameAs\":[\"https:\/\/www.facebook.com\/pages\/Gostilna-Lectar\/150333148451244\",\"https:\/\/www.instagram.com\/gostilnainpenzionlectar\/\"]}]}<\/script>\n<!-- \/ Yoast SEO plugin. -->","yoast_head_json":{"title":"Informativa sulla privacy - Restaurant Lectar","robots":{"index":"index","follow":"follow","max-snippet":"max-snippet:-1","max-image-preview":"max-image-preview:large","max-video-preview":"max-video-preview:-1"},"canonical":"https:\/\/www.lectar.com\/it\/informativa-sulla-privacy\/","og_locale":"it_IT","og_type":"article","og_title":"Informativa sulla privacy - Restaurant Lectar","og_description":"Informativa sulla privacy Ci impegniamo a proteggere la tua privacy La presente informativa sulla privacy si applica al sito web https:\/\/www.lectar.com\/. In essa vengono definiti i principi di trattamento e conservazione dei dati personali forniti dagli utenti in relazione all&#8217;utilizzo dei servizi offerti da Gu\u0161t d.o.o. Titolare del trattamento dei dati personali Il titolare del [&hellip;]","og_url":"https:\/\/www.lectar.com\/it\/informativa-sulla-privacy\/","og_site_name":"Restaurant Lectar","article_publisher":"https:\/\/www.facebook.com\/pages\/Gostilna-Lectar\/150333148451244","article_modified_time":"2025-09-10T12:49:29+00:00","og_image":[{"width":1920,"height":800,"url":"https:\/\/www.lectar.com\/wp-content\/uploads\/2023\/04\/classic-room-with-terrace-2-1-2.webp","type":"image\/webp"}],"twitter_card":"summary_large_image","twitter_misc":{"Tempo di lettura stimato":"6 minuti"},"schema":{"@context":"https:\/\/schema.org","@graph":[{"@type":"WebPage","@id":"https:\/\/www.lectar.com\/it\/informativa-sulla-privacy\/","url":"https:\/\/www.lectar.com\/it\/informativa-sulla-privacy\/","name":"Informativa sulla privacy - Restaurant Lectar","isPartOf":{"@id":"https:\/\/www.lectar.com\/it\/#website"},"datePublished":"2024-10-22T11:17:38+00:00","dateModified":"2025-09-10T12:49:29+00:00","breadcrumb":{"@id":"https:\/\/www.lectar.com\/it\/informativa-sulla-privacy\/#breadcrumb"},"inLanguage":"it-IT","potentialAction":[{"@type":"ReadAction","target":["https:\/\/www.lectar.com\/it\/informativa-sulla-privacy\/"]}]},{"@type":"BreadcrumbList","@id":"https:\/\/www.lectar.com\/it\/informativa-sulla-privacy\/#breadcrumb","itemListElement":[{"@type":"ListItem","position":1,"name":"Pagina iniziale","item":"https:\/\/www.lectar.com\/it\/"},{"@type":"ListItem","position":2,"name":"Informativa sulla privacy"}]},{"@type":"WebSite","@id":"https:\/\/www.lectar.com\/it\/#website","url":"https:\/\/www.lectar.com\/it\/","name":"Penzion & Restaurant Lectar","description":"House with a tradition Lectar - rooms, restaurant &amp; museum","publisher":{"@id":"https:\/\/www.lectar.com\/it\/#organization"},"alternateName":"Restaurant & Penzion Lectar","potentialAction":[{"@type":"SearchAction","target":{"@type":"EntryPoint","urlTemplate":"https:\/\/www.lectar.com\/it\/?s={search_term_string}"},"query-input":{"@type":"PropertyValueSpecification","valueRequired":true,"valueName":"search_term_string"}}],"inLanguage":"it-IT"},{"@type":"Organization","@id":"https:\/\/www.lectar.com\/it\/#organization","name":"Penzion & Restaurant Lectar","url":"https:\/\/www.lectar.com\/it\/","logo":{"@type":"ImageObject","inLanguage":"it-IT","@id":"https:\/\/www.lectar.com\/it\/#\/schema\/logo\/image\/","url":"https:\/\/www.lectar.com\/wp-content\/uploads\/2022\/12\/cropped-lectar-logo-e1678460742399.png","contentUrl":"https:\/\/www.lectar.com\/wp-content\/uploads\/2022\/12\/cropped-lectar-logo-e1678460742399.png","width":512,"height":512,"caption":"Penzion & Restaurant Lectar"},"image":{"@id":"https:\/\/www.lectar.com\/it\/#\/schema\/logo\/image\/"},"sameAs":["https:\/\/www.facebook.com\/pages\/Gostilna-Lectar\/150333148451244","https:\/\/www.instagram.com\/gostilnainpenzionlectar\/"]}]}},"_links":{"self":[{"href":"https:\/\/www.lectar.com\/it\/wp-json\/wp\/v2\/pages\/3361","targetHints":{"allow":["GET"]}}],"collection":[{"href":"https:\/\/www.lectar.com\/it\/wp-json\/wp\/v2\/pages"}],"about":[{"href":"https:\/\/www.lectar.com\/it\/wp-json\/wp\/v2\/types\/page"}],"author":[{"embeddable":true,"href":"https:\/\/www.lectar.com\/it\/wp-json\/wp\/v2\/users\/6"}],"replies":[{"embeddable":true,"href":"https:\/\/www.lectar.com\/it\/wp-json\/wp\/v2\/comments?post=3361"}],"version-history":[{"count":2,"href":"https:\/\/www.lectar.com\/it\/wp-json\/wp\/v2\/pages\/3361\/revisions"}],"predecessor-version":[{"id":3376,"href":"https:\/\/www.lectar.com\/it\/wp-json\/wp\/v2\/pages\/3361\/revisions\/3376"}],"wp:attachment":[{"href":"https:\/\/www.lectar.com\/it\/wp-json\/wp\/v2\/media?parent=3361"}],"curies":[{"name":"wp","href":"https:\/\/api.w.org\/{rel}","templated":true}]}}